{"id":807,"date":"2017-06-01T14:30:23","date_gmt":"2017-06-01T12:30:23","guid":{"rendered":"http:\/\/www.asclagnieu-gym.fr\/?page_id=807"},"modified":"2017-06-01T14:30:23","modified_gmt":"2017-06-01T12:30:23","slug":"gymnastique-artistique-masculine","status":"publish","type":"page","link":"https:\/\/lagnieugym.fr\/index.php\/le-club\/disciplines\/gymnastique-artistique-masculine\/","title":{"rendered":"GYMNASTIQUE ARTISTIQUE MASCULINE"},"content":{"rendered":"<p align=\"center\"><b>GYMNASTIQUE ARTISTIQUE MASCULINE<\/b><b><\/b><\/p>\n<p>Une discipline exigeante o\u00f9 alternent puissance, technique ma\u00eetris\u00e9e et beaut\u00e9 du geste. Six \u00e9preuves caract\u00e9risent la Gymnastique Artistique Masculine (<strong>GAM<\/strong>) : le sol, les ar\u00e7ons, les anneaux, le saut de cheval, les barres parall\u00e8les et la barre fixe.<\/p>\n<p>Le gymnaste s\u2019exprime au sol en encha\u00eenant technique et difficult\u00e9s, au cheval d\u2019Ar\u00e7ons et aux anneaux pour un v\u00e9ritable travail de puissance, \u00e0 la barre fixe et aux barres parall\u00e8les en se jouant d\u2019\u00e9quilibre, de voltige et, au saut de cheval en d\u00e9collant et en encha\u00eenant les rotations.<\/p>\n<p>Des sorties de plus en plus complexes, des difficult\u00e9s grandissantes, une recherche de l\u2019\u00e9l\u00e9gance permanente, sont les tendances actuelles de cette discipline.<\/p>\n","protected":false},"excerpt":{"rendered":"<p>GYMNASTIQUE ARTISTIQUE MASCULINE Une discipline exigeante o\u00f9 alternent puissance, technique ma\u00eetris\u00e9e et beaut\u00e9 du geste. Six \u00e9preuves caract\u00e9risent la Gymnastique Artistique Masculine (GAM) : le sol, les ar\u00e7ons, les anneaux, le saut de cheval, les barres parall\u00e8les et la barre fixe. Le gymnaste s\u2019exprime au sol en encha\u00eenant technique et difficult\u00e9s, au cheval d\u2019Ar\u00e7ons et aux anneaux pour un v\u00e9ritable travail de puissance, \u00e0 la barre fixe et aux barres parall\u00e8les en se jouant d\u2019\u00e9quilibre, de voltige et, au saut de cheval en d\u00e9collant et en encha\u00eenant les rotations. Des sorties de plus en plus complexes, des difficult\u00e9s grandissantes, une recherche de l\u2019\u00e9l\u00e9gance permanente, sont les tendances actuelles de cette discipline.<\/p>\n","protected":false},"author":1,"featured_media":0,"parent":34,"menu_order":0,"comment_status":"closed","ping_status":"closed","template":"","meta":{"footnotes":""},"class_list":["post-807","page","type-page","status-publish","hentry"],"yoast_head":"<!-- This site is optimized with the Yoast SEO plugin v27.2 - https:\/\/yoast.com\/product\/yoast-seo-wordpress\/ -->\n<title>GYMNASTIQUE ARTISTIQUE MASCULINE - Lagnieu Gym<\/title>\n<meta name=\"robots\" content=\"index, follow, max-snippet:-1, max-image-preview:large, max-video-preview:-1\" \/>\n<link rel=\"canonical\" href=\"https:\/\/lagnieugym.fr\/index.php\/le-club\/disciplines\/gymnastique-artistique-masculine\/\" \/>\n<meta property=\"og:locale\" content=\"fr_FR\" \/>\n<meta property=\"og:type\" content=\"article\" \/>\n<meta property=\"og:title\" content=\"GYMNASTIQUE ARTISTIQUE MASCULINE - Lagnieu Gym\" \/>\n<meta property=\"og:description\" content=\"GYMNASTIQUE ARTISTIQUE MASCULINE Une discipline exigeante o\u00f9 alternent puissance, technique ma\u00eetris\u00e9e et beaut\u00e9 du geste. Six \u00e9preuves caract\u00e9risent la Gymnastique Artistique Masculine (GAM) : le sol, les ar\u00e7ons, les anneaux, le saut de cheval, les barres parall\u00e8les et la barre fixe. Le gymnaste s\u2019exprime au sol en encha\u00eenant technique et difficult\u00e9s, au cheval d\u2019Ar\u00e7ons et aux anneaux pour un v\u00e9ritable travail de puissance, \u00e0 la barre fixe et aux barres parall\u00e8les en se jouant d\u2019\u00e9quilibre, de voltige et, au saut de cheval en d\u00e9collant et en encha\u00eenant les rotations. Des sorties de plus en plus complexes, des difficult\u00e9s grandissantes, une recherche de l\u2019\u00e9l\u00e9gance permanente, sont les tendances actuelles de cette discipline.\" \/>\n<meta property=\"og:url\" content=\"https:\/\/lagnieugym.fr\/index.php\/le-club\/disciplines\/gymnastique-artistique-masculine\/\" \/>\n<meta property=\"og:site_name\" content=\"Lagnieu Gym\" \/>\n<meta property=\"article:publisher\" content=\"https:\/\/www.facebook.com\/profile.php?id=100089712349019\" \/>\n<meta property=\"og:image\" content=\"https:\/\/lagnieugym.fr\/wp-content\/uploads\/2025\/03\/cropped-324927003_5146061298830246_1499317215435361175_n2.jpg\" \/>\n\t<meta property=\"og:image:width\" content=\"512\" \/>\n\t<meta property=\"og:image:height\" content=\"512\" \/>\n\t<meta property=\"og:image:type\" content=\"image\/jpeg\" \/>\n<meta name=\"twitter:card\" content=\"summary_large_image\" \/>\n<meta name=\"twitter:label1\" content=\"Dur\u00e9e de lecture estim\u00e9e\" \/>\n\t<meta name=\"twitter:data1\" content=\"1 minute\" \/>\n<script type=\"application\/ld+json\" class=\"yoast-schema-graph\">{\"@context\":\"https:\/\/schema.org\",\"@graph\":[{\"@type\":\"WebPage\",\"@id\":\"https:\/\/lagnieugym.fr\/index.php\/le-club\/disciplines\/gymnastique-artistique-masculine\/\",\"url\":\"https:\/\/lagnieugym.fr\/index.php\/le-club\/disciplines\/gymnastique-artistique-masculine\/\",\"name\":\"GYMNASTIQUE ARTISTIQUE MASCULINE - Lagnieu Gym\",\"isPartOf\":{\"@id\":\"https:\/\/lagnieugym.fr\/#website\"},\"datePublished\":\"2017-06-01T12:30:23+00:00\",\"breadcrumb\":{\"@id\":\"https:\/\/lagnieugym.fr\/index.php\/le-club\/disciplines\/gymnastique-artistique-masculine\/#breadcrumb\"},\"inLanguage\":\"fr-FR\",\"potentialAction\":[{\"@type\":\"ReadAction\",\"target\":[\"https:\/\/lagnieugym.fr\/index.php\/le-club\/disciplines\/gymnastique-artistique-masculine\/\"]}]},{\"@type\":\"BreadcrumbList\",\"@id\":\"https:\/\/lagnieugym.fr\/index.php\/le-club\/disciplines\/gymnastique-artistique-masculine\/#breadcrumb\",\"itemListElement\":[{\"@type\":\"ListItem\",\"position\":1,\"name\":\"Accueil\",\"item\":\"https:\/\/lagnieugym.fr\/\"},{\"@type\":\"ListItem\",\"position\":2,\"name\":\"Le Club\",\"item\":\"https:\/\/lagnieugym.fr\/index.php\/le-club\/\"},{\"@type\":\"ListItem\",\"position\":3,\"name\":\"Disciplines\",\"item\":\"https:\/\/lagnieugym.fr\/index.php\/le-club\/disciplines\/\"},{\"@type\":\"ListItem\",\"position\":4,\"name\":\"GYMNASTIQUE ARTISTIQUE MASCULINE\"}]},{\"@type\":\"WebSite\",\"@id\":\"https:\/\/lagnieugym.fr\/#website\",\"url\":\"https:\/\/lagnieugym.fr\/\",\"name\":\"Lagnieu Gym\",\"description\":\"Club de gymnastique artistique FFGym\",\"potentialAction\":[{\"@type\":\"SearchAction\",\"target\":{\"@type\":\"EntryPoint\",\"urlTemplate\":\"https:\/\/lagnieugym.fr\/?s={search_term_string}\"},\"query-input\":{\"@type\":\"PropertyValueSpecification\",\"valueRequired\":true,\"valueName\":\"search_term_string\"}}],\"inLanguage\":\"fr-FR\"}]}<\/script>\n<!-- \/ Yoast SEO plugin. -->","yoast_head_json":{"title":"GYMNASTIQUE ARTISTIQUE MASCULINE - Lagnieu Gym","robots":{"index":"index","follow":"follow","max-snippet":"max-snippet:-1","max-image-preview":"max-image-preview:large","max-video-preview":"max-video-preview:-1"},"canonical":"https:\/\/lagnieugym.fr\/index.php\/le-club\/disciplines\/gymnastique-artistique-masculine\/","og_locale":"fr_FR","og_type":"article","og_title":"GYMNASTIQUE ARTISTIQUE MASCULINE - Lagnieu Gym","og_description":"GYMNASTIQUE ARTISTIQUE MASCULINE Une discipline exigeante o\u00f9 alternent puissance, technique ma\u00eetris\u00e9e et beaut\u00e9 du geste. Six \u00e9preuves caract\u00e9risent la Gymnastique Artistique Masculine (GAM) : le sol, les ar\u00e7ons, les anneaux, le saut de cheval, les barres parall\u00e8les et la barre fixe. Le gymnaste s\u2019exprime au sol en encha\u00eenant technique et difficult\u00e9s, au cheval d\u2019Ar\u00e7ons et aux anneaux pour un v\u00e9ritable travail de puissance, \u00e0 la barre fixe et aux barres parall\u00e8les en se jouant d\u2019\u00e9quilibre, de voltige et, au saut de cheval en d\u00e9collant et en encha\u00eenant les rotations. Des sorties de plus en plus complexes, des difficult\u00e9s grandissantes, une recherche de l\u2019\u00e9l\u00e9gance permanente, sont les tendances actuelles de cette discipline.","og_url":"https:\/\/lagnieugym.fr\/index.php\/le-club\/disciplines\/gymnastique-artistique-masculine\/","og_site_name":"Lagnieu Gym","article_publisher":"https:\/\/www.facebook.com\/profile.php?id=100089712349019","og_image":[{"width":512,"height":512,"url":"https:\/\/lagnieugym.fr\/wp-content\/uploads\/2025\/03\/cropped-324927003_5146061298830246_1499317215435361175_n2.jpg","type":"image\/jpeg"}],"twitter_card":"summary_large_image","twitter_misc":{"Dur\u00e9e de lecture estim\u00e9e":"1 minute"},"schema":{"@context":"https:\/\/schema.org","@graph":[{"@type":"WebPage","@id":"https:\/\/lagnieugym.fr\/index.php\/le-club\/disciplines\/gymnastique-artistique-masculine\/","url":"https:\/\/lagnieugym.fr\/index.php\/le-club\/disciplines\/gymnastique-artistique-masculine\/","name":"GYMNASTIQUE ARTISTIQUE MASCULINE - Lagnieu Gym","isPartOf":{"@id":"https:\/\/lagnieugym.fr\/#website"},"datePublished":"2017-06-01T12:30:23+00:00","breadcrumb":{"@id":"https:\/\/lagnieugym.fr\/index.php\/le-club\/disciplines\/gymnastique-artistique-masculine\/#breadcrumb"},"inLanguage":"fr-FR","potentialAction":[{"@type":"ReadAction","target":["https:\/\/lagnieugym.fr\/index.php\/le-club\/disciplines\/gymnastique-artistique-masculine\/"]}]},{"@type":"BreadcrumbList","@id":"https:\/\/lagnieugym.fr\/index.php\/le-club\/disciplines\/gymnastique-artistique-masculine\/#breadcrumb","itemListElement":[{"@type":"ListItem","position":1,"name":"Accueil","item":"https:\/\/lagnieugym.fr\/"},{"@type":"ListItem","position":2,"name":"Le Club","item":"https:\/\/lagnieugym.fr\/index.php\/le-club\/"},{"@type":"ListItem","position":3,"name":"Disciplines","item":"https:\/\/lagnieugym.fr\/index.php\/le-club\/disciplines\/"},{"@type":"ListItem","position":4,"name":"GYMNASTIQUE ARTISTIQUE MASCULINE"}]},{"@type":"WebSite","@id":"https:\/\/lagnieugym.fr\/#website","url":"https:\/\/lagnieugym.fr\/","name":"Lagnieu Gym","description":"Club de gymnastique artistique FFGym","potentialAction":[{"@type":"SearchAction","target":{"@type":"EntryPoint","urlTemplate":"https:\/\/lagnieugym.fr\/?s={search_term_string}"},"query-input":{"@type":"PropertyValueSpecification","valueRequired":true,"valueName":"search_term_string"}}],"inLanguage":"fr-FR"}]}},"_links":{"self":[{"href":"https:\/\/lagnieugym.fr\/index.php\/wp-json\/wp\/v2\/pages\/807","targetHints":{"allow":["GET"]}}],"collection":[{"href":"https:\/\/lagnieugym.fr\/index.php\/wp-json\/wp\/v2\/pages"}],"about":[{"href":"https:\/\/lagnieugym.fr\/index.php\/wp-json\/wp\/v2\/types\/page"}],"author":[{"embeddable":true,"href":"https:\/\/lagnieugym.fr\/index.php\/wp-json\/wp\/v2\/users\/1"}],"replies":[{"embeddable":true,"href":"https:\/\/lagnieugym.fr\/index.php\/wp-json\/wp\/v2\/comments?post=807"}],"version-history":[{"count":0,"href":"https:\/\/lagnieugym.fr\/index.php\/wp-json\/wp\/v2\/pages\/807\/revisions"}],"up":[{"embeddable":true,"href":"https:\/\/lagnieugym.fr\/index.php\/wp-json\/wp\/v2\/pages\/34"}],"wp:attachment":[{"href":"https:\/\/lagnieugym.fr\/index.php\/wp-json\/wp\/v2\/media?parent=807"}],"curies":[{"name":"wp","href":"https:\/\/api.w.org\/{rel}","templated":true}]}}