{"id":30,"date":"2012-09-24T22:03:25","date_gmt":"2012-09-24T21:03:25","guid":{"rendered":"http:\/\/www.asclagnieu-gym.fr\/?page_id=30"},"modified":"2012-09-24T22:03:25","modified_gmt":"2012-09-24T21:03:25","slug":"presentation","status":"publish","type":"page","link":"https:\/\/lagnieugym.fr\/index.php\/le-club\/presentation\/","title":{"rendered":"Pr\u00e9sentation"},"content":{"rendered":"<p>Lagnieu Gym a comme objectif de permettre \u00e0 tous ses membres de s&rsquo;\u00e9panouir dans la gymnastique, quels que soit leur \u00e2ge, leur niveau et leur ambition. Pour cela, nous proposons des groupes et une grille horaire r\u00e9pondant aux besoin de chacun.<\/p>\n<p>Apr\u00e8s les cours de Baby-gym (de 3 \u00e0 6 ans), certains enfants ayant plus de dispositions physiques, techniques et mentales sont orient\u00e9s, sur d\u00e9cision des entra\u00eeneurs et si elles le souhaitent, vers les groupes de comp\u00e9tition.<\/p>\n<p>D&rsquo;autres continuent la gymnastique en pur loisir, sans aucun objectif comp\u00e9titif.<\/p>\n<p>Quelles que soit l&rsquo;orientation prise, le plaisir de pratiquer la gymnastique et la p\u00e9dagogie positive restent toujours notre fil conducteur!!!<\/p>\n<p>Pour cela, Lagnieu Gym dispose actuellement des entra\u00eeneurs b\u00e9n\u00e9voles et de 2 salari\u00e9s.<\/p>\n<p>Les entraineurs salari\u00e9s ont obtenu des dipl\u00f4mes via les formations en gymnastique et les b\u00e9n\u00e9voles sont anciens gymnastes ou des gymnastes plus \u00e2g\u00e9es actuellement en comp\u00e9tition.<\/p>\n","protected":false},"excerpt":{"rendered":"<p>Lagnieu Gym a comme objectif de permettre \u00e0 tous ses membres de s&rsquo;\u00e9panouir dans la gymnastique, quels que soit leur \u00e2ge, leur niveau et leur ambition. Pour cela, nous proposons des groupes et une grille horaire r\u00e9pondant aux besoin de chacun. Apr\u00e8s les cours de Baby-gym (de 3 \u00e0 6 ans), certains enfants ayant plus de dispositions physiques, techniques et mentales sont orient\u00e9s, sur d\u00e9cision des entra\u00eeneurs et si elles le souhaitent, vers les groupes de comp\u00e9tition. D&rsquo;autres continuent la gymnastique en pur loisir, sans aucun objectif comp\u00e9titif. Quelles que soit l&rsquo;orientation prise, le plaisir de pratiquer la gymnastique et la p\u00e9dagogie positive restent toujours notre fil conducteur!!! Pour cela, Lagnieu Gym dispose actuellement des entra\u00eeneurs b\u00e9n\u00e9voles et de 2 salari\u00e9s. Les entraineurs salari\u00e9s ont obtenu des dipl\u00f4mes via les formations en gymnastique et les b\u00e9n\u00e9voles sont anciens gymnastes ou des gymnastes plus \u00e2g\u00e9es actuellement en comp\u00e9tition.<\/p>\n","protected":false},"author":1,"featured_media":0,"parent":10,"menu_order":1,"comment_status":"open","ping_status":"closed","template":"","meta":{"footnotes":""},"class_list":["post-30","page","type-page","status-publish","hentry"],"yoast_head":"<!-- This site is optimized with the Yoast SEO plugin v27.2 - https:\/\/yoast.com\/product\/yoast-seo-wordpress\/ -->\n<title>Pr\u00e9sentation - Lagnieu Gym<\/title>\n<meta name=\"robots\" content=\"index, follow, max-snippet:-1, max-image-preview:large, max-video-preview:-1\" \/>\n<link rel=\"canonical\" href=\"https:\/\/lagnieugym.fr\/index.php\/le-club\/presentation\/\" \/>\n<meta property=\"og:locale\" content=\"fr_FR\" \/>\n<meta property=\"og:type\" content=\"article\" \/>\n<meta property=\"og:title\" content=\"Pr\u00e9sentation - Lagnieu Gym\" \/>\n<meta property=\"og:description\" content=\"Lagnieu Gym a comme objectif de permettre \u00e0 tous ses membres de s&rsquo;\u00e9panouir dans la gymnastique, quels que soit leur \u00e2ge, leur niveau et leur ambition. Pour cela, nous proposons des groupes et une grille horaire r\u00e9pondant aux besoin de chacun. Apr\u00e8s les cours de Baby-gym (de 3 \u00e0 6 ans), certains enfants ayant plus de dispositions physiques, techniques et mentales sont orient\u00e9s, sur d\u00e9cision des entra\u00eeneurs et si elles le souhaitent, vers les groupes de comp\u00e9tition. D&rsquo;autres continuent la gymnastique en pur loisir, sans aucun objectif comp\u00e9titif. Quelles que soit l&rsquo;orientation prise, le plaisir de pratiquer la gymnastique et la p\u00e9dagogie positive restent toujours notre fil conducteur!!! Pour cela, Lagnieu Gym dispose actuellement des entra\u00eeneurs b\u00e9n\u00e9voles et de 2 salari\u00e9s. Les entraineurs salari\u00e9s ont obtenu des dipl\u00f4mes via les formations en gymnastique et les b\u00e9n\u00e9voles sont anciens gymnastes ou des gymnastes plus \u00e2g\u00e9es actuellement en comp\u00e9tition.\" \/>\n<meta property=\"og:url\" content=\"https:\/\/lagnieugym.fr\/index.php\/le-club\/presentation\/\" \/>\n<meta property=\"og:site_name\" content=\"Lagnieu Gym\" \/>\n<meta property=\"article:publisher\" content=\"https:\/\/www.facebook.com\/profile.php?id=100089712349019\" \/>\n<meta property=\"og:image\" content=\"https:\/\/lagnieugym.fr\/wp-content\/uploads\/2025\/03\/cropped-324927003_5146061298830246_1499317215435361175_n2.jpg\" \/>\n\t<meta property=\"og:image:width\" content=\"512\" \/>\n\t<meta property=\"og:image:height\" content=\"512\" \/>\n\t<meta property=\"og:image:type\" content=\"image\/jpeg\" \/>\n<meta name=\"twitter:card\" content=\"summary_large_image\" \/>\n<meta name=\"twitter:label1\" content=\"Dur\u00e9e de lecture estim\u00e9e\" \/>\n\t<meta name=\"twitter:data1\" content=\"1 minute\" \/>\n<script type=\"application\/ld+json\" class=\"yoast-schema-graph\">{\"@context\":\"https:\/\/schema.org\",\"@graph\":[{\"@type\":\"WebPage\",\"@id\":\"https:\/\/lagnieugym.fr\/index.php\/le-club\/presentation\/\",\"url\":\"https:\/\/lagnieugym.fr\/index.php\/le-club\/presentation\/\",\"name\":\"Pr\u00e9sentation - Lagnieu Gym\",\"isPartOf\":{\"@id\":\"https:\/\/lagnieugym.fr\/#website\"},\"datePublished\":\"2012-09-24T21:03:25+00:00\",\"breadcrumb\":{\"@id\":\"https:\/\/lagnieugym.fr\/index.php\/le-club\/presentation\/#breadcrumb\"},\"inLanguage\":\"fr-FR\",\"potentialAction\":[{\"@type\":\"ReadAction\",\"target\":[\"https:\/\/lagnieugym.fr\/index.php\/le-club\/presentation\/\"]}]},{\"@type\":\"BreadcrumbList\",\"@id\":\"https:\/\/lagnieugym.fr\/index.php\/le-club\/presentation\/#breadcrumb\",\"itemListElement\":[{\"@type\":\"ListItem\",\"position\":1,\"name\":\"Accueil\",\"item\":\"https:\/\/lagnieugym.fr\/\"},{\"@type\":\"ListItem\",\"position\":2,\"name\":\"Le Club\",\"item\":\"https:\/\/lagnieugym.fr\/index.php\/le-club\/\"},{\"@type\":\"ListItem\",\"position\":3,\"name\":\"Pr\u00e9sentation\"}]},{\"@type\":\"WebSite\",\"@id\":\"https:\/\/lagnieugym.fr\/#website\",\"url\":\"https:\/\/lagnieugym.fr\/\",\"name\":\"Lagnieu Gym\",\"description\":\"Club de gymnastique artistique FFGym\",\"potentialAction\":[{\"@type\":\"SearchAction\",\"target\":{\"@type\":\"EntryPoint\",\"urlTemplate\":\"https:\/\/lagnieugym.fr\/?s={search_term_string}\"},\"query-input\":{\"@type\":\"PropertyValueSpecification\",\"valueRequired\":true,\"valueName\":\"search_term_string\"}}],\"inLanguage\":\"fr-FR\"}]}<\/script>\n<!-- \/ Yoast SEO plugin. -->","yoast_head_json":{"title":"Pr\u00e9sentation - Lagnieu Gym","robots":{"index":"index","follow":"follow","max-snippet":"max-snippet:-1","max-image-preview":"max-image-preview:large","max-video-preview":"max-video-preview:-1"},"canonical":"https:\/\/lagnieugym.fr\/index.php\/le-club\/presentation\/","og_locale":"fr_FR","og_type":"article","og_title":"Pr\u00e9sentation - Lagnieu Gym","og_description":"Lagnieu Gym a comme objectif de permettre \u00e0 tous ses membres de s&rsquo;\u00e9panouir dans la gymnastique, quels que soit leur \u00e2ge, leur niveau et leur ambition. Pour cela, nous proposons des groupes et une grille horaire r\u00e9pondant aux besoin de chacun. Apr\u00e8s les cours de Baby-gym (de 3 \u00e0 6 ans), certains enfants ayant plus de dispositions physiques, techniques et mentales sont orient\u00e9s, sur d\u00e9cision des entra\u00eeneurs et si elles le souhaitent, vers les groupes de comp\u00e9tition. D&rsquo;autres continuent la gymnastique en pur loisir, sans aucun objectif comp\u00e9titif. Quelles que soit l&rsquo;orientation prise, le plaisir de pratiquer la gymnastique et la p\u00e9dagogie positive restent toujours notre fil conducteur!!! Pour cela, Lagnieu Gym dispose actuellement des entra\u00eeneurs b\u00e9n\u00e9voles et de 2 salari\u00e9s. Les entraineurs salari\u00e9s ont obtenu des dipl\u00f4mes via les formations en gymnastique et les b\u00e9n\u00e9voles sont anciens gymnastes ou des gymnastes plus \u00e2g\u00e9es actuellement en comp\u00e9tition.","og_url":"https:\/\/lagnieugym.fr\/index.php\/le-club\/presentation\/","og_site_name":"Lagnieu Gym","article_publisher":"https:\/\/www.facebook.com\/profile.php?id=100089712349019","og_image":[{"width":512,"height":512,"url":"https:\/\/lagnieugym.fr\/wp-content\/uploads\/2025\/03\/cropped-324927003_5146061298830246_1499317215435361175_n2.jpg","type":"image\/jpeg"}],"twitter_card":"summary_large_image","twitter_misc":{"Dur\u00e9e de lecture estim\u00e9e":"1 minute"},"schema":{"@context":"https:\/\/schema.org","@graph":[{"@type":"WebPage","@id":"https:\/\/lagnieugym.fr\/index.php\/le-club\/presentation\/","url":"https:\/\/lagnieugym.fr\/index.php\/le-club\/presentation\/","name":"Pr\u00e9sentation - Lagnieu Gym","isPartOf":{"@id":"https:\/\/lagnieugym.fr\/#website"},"datePublished":"2012-09-24T21:03:25+00:00","breadcrumb":{"@id":"https:\/\/lagnieugym.fr\/index.php\/le-club\/presentation\/#breadcrumb"},"inLanguage":"fr-FR","potentialAction":[{"@type":"ReadAction","target":["https:\/\/lagnieugym.fr\/index.php\/le-club\/presentation\/"]}]},{"@type":"BreadcrumbList","@id":"https:\/\/lagnieugym.fr\/index.php\/le-club\/presentation\/#breadcrumb","itemListElement":[{"@type":"ListItem","position":1,"name":"Accueil","item":"https:\/\/lagnieugym.fr\/"},{"@type":"ListItem","position":2,"name":"Le Club","item":"https:\/\/lagnieugym.fr\/index.php\/le-club\/"},{"@type":"ListItem","position":3,"name":"Pr\u00e9sentation"}]},{"@type":"WebSite","@id":"https:\/\/lagnieugym.fr\/#website","url":"https:\/\/lagnieugym.fr\/","name":"Lagnieu Gym","description":"Club de gymnastique artistique FFGym","potentialAction":[{"@type":"SearchAction","target":{"@type":"EntryPoint","urlTemplate":"https:\/\/lagnieugym.fr\/?s={search_term_string}"},"query-input":{"@type":"PropertyValueSpecification","valueRequired":true,"valueName":"search_term_string"}}],"inLanguage":"fr-FR"}]}},"_links":{"self":[{"href":"https:\/\/lagnieugym.fr\/index.php\/wp-json\/wp\/v2\/pages\/30","targetHints":{"allow":["GET"]}}],"collection":[{"href":"https:\/\/lagnieugym.fr\/index.php\/wp-json\/wp\/v2\/pages"}],"about":[{"href":"https:\/\/lagnieugym.fr\/index.php\/wp-json\/wp\/v2\/types\/page"}],"author":[{"embeddable":true,"href":"https:\/\/lagnieugym.fr\/index.php\/wp-json\/wp\/v2\/users\/1"}],"replies":[{"embeddable":true,"href":"https:\/\/lagnieugym.fr\/index.php\/wp-json\/wp\/v2\/comments?post=30"}],"version-history":[{"count":0,"href":"https:\/\/lagnieugym.fr\/index.php\/wp-json\/wp\/v2\/pages\/30\/revisions"}],"up":[{"embeddable":true,"href":"https:\/\/lagnieugym.fr\/index.php\/wp-json\/wp\/v2\/pages\/10"}],"wp:attachment":[{"href":"https:\/\/lagnieugym.fr\/index.php\/wp-json\/wp\/v2\/media?parent=30"}],"curies":[{"name":"wp","href":"https:\/\/api.w.org\/{rel}","templated":true}]}}